{"id":77,"date":"2011-12-07T15:54:45","date_gmt":"2011-12-07T15:54:45","guid":{"rendered":"http:\/\/russisch-blau.biz\/wordpress\/?page_id=77"},"modified":"2014-02-08T09:05:41","modified_gmt":"2014-02-08T09:05:41","slug":"arkadij-arsenij","status":"publish","type":"page","link":"http:\/\/russisch-blau.biz\/wordpress\/ehemaligekastraten\/arkadij-arsenij\/","title":{"rendered":"Arkadij-Arsenij<br\/>von Malyschka"},"content":{"rendered":"<p><strong>Vollst\u00e4ndiger Name: Arkadij-Arsenij von Malyschka<br \/>\nGeburtstag: 28.04.2010<br \/>\naktueller Titel: Gro\u00dfer Europa Champion<br \/>\nAusstellungserfolge:<br \/>\n12 X Best in Variety<br \/>\n14 X nom. Best in Show<br \/>\n11 X Best in Show<br \/>\n4 X Best of Best<br \/>\n3 X Best over all<br \/>\n4 X Platz 1 WCF Ring<br \/>\n2 X Sieger Russisch Blau Sondershow<br \/>\nKosename: &#8222;Senja&#8220;<\/strong><\/p>\n<p>Kastriert, Oktober 2013, Senchik lebt nat\u00fcrlich trotzdem bei uns!<\/p>\n<p><a href=\"http:\/\/pawpeds.com\/db\/?a=p&amp;id=993584&amp;g=4&amp;p=rus&amp;date=iso&amp;o=ajgrep\" target=\"_blank\">Stammbaum \u00bb<\/a><\/p>\n<p><a href=\"http:\/\/russisch-blau.biz\/wordpress\/wp-content\/uploads\/2011\/12\/titelgross_bara.jpg\"><br \/>\n<\/a><a href=\"http:\/\/russisch-blau.biz\/wordpress\/wp-content\/uploads\/2011\/12\/senja-64.jpg\"><img decoding=\"async\" class=\"alignleft size-full wp-image-113\" title=\"senja-64\" alt=\"\" src=\"http:\/\/russisch-blau.biz\/wordpress\/wp-content\/uploads\/2011\/12\/senja-64.jpg\" width=\"580\" srcset=\"http:\/\/russisch-blau.biz\/wordpress\/wp-content\/uploads\/2011\/12\/senja-64.jpg 650w, http:\/\/russisch-blau.biz\/wordpress\/wp-content\/uploads\/2011\/12\/senja-64-300x200.jpg 300w, http:\/\/russisch-blau.biz\/wordpress\/wp-content\/uploads\/2011\/12\/senja-64-120x80.jpg 120w\" sizes=\"(max-width: 650px) 100vw, 650px\" \/><\/a><\/p>\n<p><br clear=\"all\" \/><br \/>\n<strong> Kurzportr\u00e4t<\/strong><br \/>\n&#8222;Senja&#8220; ist unser wunderbarer Kater, der beste Babysitter der Welt, falls die Katzenmutti mal etwas Pause von der anstrengenden Arbeit ben\u00f6tigt ist Senja zur Stelle und k\u00fcmmert sich total liebevoll um die Kleinen. Sein Aussehen l\u00e4sst keine W\u00fcnsche offen, gl\u00e4nzendes Fell, tolle Augen, hohe Beine und den l\u00e4ngsten Schwanz ;.) hat er auch noch, was will man denn mehr?!<\/p>\n<p><strong><!-- index.php -->\n<div\n\tclass=\"ngg-galleryoverview ngg-ajax-pagination-none\"\n\tid=\"ngg-gallery-ab22c2697b006f84d4b38c6377df69f4-1\">\n\n    \t<div class=\"slideshowlink\">\n        <a href='http:\/\/russisch-blau.biz\/wordpress\/ehemaligekastraten\/arkadij-arsenij\/nggallery\/slideshow'>[Show as slideshow]<\/a>\n\t\t\n\t<\/div>\n\t\t\t<!-- Thumbnails -->\n\t\t\t\t<div id=\"ngg-image-0\" class=\"ngg-gallery-thumbnail-box\" >\n\t\t\t\t        <div class=\"ngg-gallery-thumbnail\">\n            <a href=\"http:\/\/russisch-blau.biz\/wordpress\/wp-content\/webbilder\/senja-06.jpg\"\n               title=\"\"\n               data-src=\"http:\/\/russisch-blau.biz\/wordpress\/wp-content\/webbilder\/senja-06.jpg\"\n               data-thumbnail=\"http:\/\/russisch-blau.biz\/wordpress\/wp-content\/webbilder\/thumbs\/thumbs_senja-06.jpg\"\n               data-image-id=\"18\"\n               data-title=\"senja-06\"\n               data-description=\"\"\n               data-image-slug=\"senja-06\"\n               class=\"ngg-simplelightbox\" rel=\"ab22c2697b006f84d4b38c6377df69f4\">\n                <img\n                    title=\"senja-06\"\n                    alt=\"senja-06\"\n                    src=\"http:\/\/russisch-blau.biz\/wordpress\/wp-content\/webbilder\/thumbs\/thumbs_senja-06.jpg\"\n                    width=\"100\"\n                    height=\"75\"\n                    style=\"max-width:100%;\"\n                \/>\n            <\/a>\n        <\/div>\n\t\t\t\t\t\t\t<\/div> \n\t\t\t\n        \n\t\t\t\t<div id=\"ngg-image-1\" class=\"ngg-gallery-thumbnail-box\" >\n\t\t\t\t        <div class=\"ngg-gallery-thumbnail\">\n            <a href=\"http:\/\/russisch-blau.biz\/wordpress\/wp-content\/webbilder\/senja-07.jpg\"\n               title=\"\"\n               data-src=\"http:\/\/russisch-blau.biz\/wordpress\/wp-content\/webbilder\/senja-07.jpg\"\n               data-thumbnail=\"http:\/\/russisch-blau.biz\/wordpress\/wp-content\/webbilder\/thumbs\/thumbs_senja-07.jpg\"\n               data-image-id=\"19\"\n               data-title=\"senja-07\"\n               data-description=\"\"\n               data-image-slug=\"senja-07\"\n               class=\"ngg-simplelightbox\" rel=\"ab22c2697b006f84d4b38c6377df69f4\">\n                <img\n                    title=\"senja-07\"\n                    alt=\"senja-07\"\n                    src=\"http:\/\/russisch-blau.biz\/wordpress\/wp-content\/webbilder\/thumbs\/thumbs_senja-07.jpg\"\n                    width=\"100\"\n                    height=\"75\"\n                    style=\"max-width:100%;\"\n                \/>\n            <\/a>\n        <\/div>\n\t\t\t\t\t\t\t<\/div> \n\t\t\t\n        \n\t\t\t\t<div id=\"ngg-image-2\" class=\"ngg-gallery-thumbnail-box\" >\n\t\t\t\t        <div class=\"ngg-gallery-thumbnail\">\n            <a href=\"http:\/\/russisch-blau.biz\/wordpress\/wp-content\/webbilder\/senja-18.jpg\"\n               title=\"\"\n               data-src=\"http:\/\/russisch-blau.biz\/wordpress\/wp-content\/webbilder\/senja-18.jpg\"\n               data-thumbnail=\"http:\/\/russisch-blau.biz\/wordpress\/wp-content\/webbilder\/thumbs\/thumbs_senja-18.jpg\"\n               data-image-id=\"20\"\n               data-title=\"senja-18\"\n               data-description=\"\"\n               data-image-slug=\"senja-18\"\n               class=\"ngg-simplelightbox\" rel=\"ab22c2697b006f84d4b38c6377df69f4\">\n                <img\n                    title=\"senja-18\"\n                    alt=\"senja-18\"\n                    src=\"http:\/\/russisch-blau.biz\/wordpress\/wp-content\/webbilder\/thumbs\/thumbs_senja-18.jpg\"\n                    width=\"100\"\n                    height=\"75\"\n                    style=\"max-width:100%;\"\n                \/>\n            <\/a>\n        <\/div>\n\t\t\t\t\t\t\t<\/div> \n\t\t\t\n        \n\t\t\t\t<div id=\"ngg-image-3\" class=\"ngg-gallery-thumbnail-box\" >\n\t\t\t\t        <div class=\"ngg-gallery-thumbnail\">\n            <a href=\"http:\/\/russisch-blau.biz\/wordpress\/wp-content\/webbilder\/senja-20.jpg\"\n               title=\"\"\n               data-src=\"http:\/\/russisch-blau.biz\/wordpress\/wp-content\/webbilder\/senja-20.jpg\"\n               data-thumbnail=\"http:\/\/russisch-blau.biz\/wordpress\/wp-content\/webbilder\/thumbs\/thumbs_senja-20.jpg\"\n               data-image-id=\"21\"\n               data-title=\"senja-20\"\n               data-description=\"\"\n               data-image-slug=\"senja-20\"\n               class=\"ngg-simplelightbox\" rel=\"ab22c2697b006f84d4b38c6377df69f4\">\n                <img\n                    title=\"senja-20\"\n                    alt=\"senja-20\"\n                    src=\"http:\/\/russisch-blau.biz\/wordpress\/wp-content\/webbilder\/thumbs\/thumbs_senja-20.jpg\"\n                    width=\"100\"\n                    height=\"75\"\n                    style=\"max-width:100%;\"\n                \/>\n            <\/a>\n        <\/div>\n\t\t\t\t\t\t\t<\/div> \n\t\t\t\n        \n\t\t\t\t<div id=\"ngg-image-4\" class=\"ngg-gallery-thumbnail-box\" >\n\t\t\t\t        <div class=\"ngg-gallery-thumbnail\">\n            <a href=\"http:\/\/russisch-blau.biz\/wordpress\/wp-content\/webbilder\/senja-24.jpg\"\n               title=\"\"\n               data-src=\"http:\/\/russisch-blau.biz\/wordpress\/wp-content\/webbilder\/senja-24.jpg\"\n               data-thumbnail=\"http:\/\/russisch-blau.biz\/wordpress\/wp-content\/webbilder\/thumbs\/thumbs_senja-24.jpg\"\n               data-image-id=\"22\"\n               data-title=\"senja-24\"\n               data-description=\"\"\n               data-image-slug=\"senja-24\"\n               class=\"ngg-simplelightbox\" rel=\"ab22c2697b006f84d4b38c6377df69f4\">\n                <img\n                    title=\"senja-24\"\n                    alt=\"senja-24\"\n                    src=\"http:\/\/russisch-blau.biz\/wordpress\/wp-content\/webbilder\/thumbs\/thumbs_senja-24.jpg\"\n                    width=\"100\"\n                    height=\"75\"\n                    style=\"max-width:100%;\"\n                \/>\n            <\/a>\n        <\/div>\n\t\t\t\t\t\t\t<\/div> \n\t\t\t\n        \n\t\t\t\t<div id=\"ngg-image-5\" class=\"ngg-gallery-thumbnail-box\" >\n\t\t\t\t        <div class=\"ngg-gallery-thumbnail\">\n            <a href=\"http:\/\/russisch-blau.biz\/wordpress\/wp-content\/webbilder\/senja-28.jpg\"\n               title=\"\"\n               data-src=\"http:\/\/russisch-blau.biz\/wordpress\/wp-content\/webbilder\/senja-28.jpg\"\n               data-thumbnail=\"http:\/\/russisch-blau.biz\/wordpress\/wp-content\/webbilder\/thumbs\/thumbs_senja-28.jpg\"\n               data-image-id=\"23\"\n               data-title=\"senja-28\"\n               data-description=\"\"\n               data-image-slug=\"senja-28\"\n               class=\"ngg-simplelightbox\" rel=\"ab22c2697b006f84d4b38c6377df69f4\">\n                <img\n                    title=\"senja-28\"\n                    alt=\"senja-28\"\n                    src=\"http:\/\/russisch-blau.biz\/wordpress\/wp-content\/webbilder\/thumbs\/thumbs_senja-28.jpg\"\n                    width=\"100\"\n                    height=\"75\"\n                    style=\"max-width:100%;\"\n                \/>\n            <\/a>\n        <\/div>\n\t\t\t\t\t\t\t<\/div> \n\t\t\t\n        \n\t\t\t\t<div id=\"ngg-image-6\" class=\"ngg-gallery-thumbnail-box\" >\n\t\t\t\t        <div class=\"ngg-gallery-thumbnail\">\n            <a href=\"http:\/\/russisch-blau.biz\/wordpress\/wp-content\/webbilder\/senja-38.jpg\"\n               title=\"\"\n               data-src=\"http:\/\/russisch-blau.biz\/wordpress\/wp-content\/webbilder\/senja-38.jpg\"\n               data-thumbnail=\"http:\/\/russisch-blau.biz\/wordpress\/wp-content\/webbilder\/thumbs\/thumbs_senja-38.jpg\"\n               data-image-id=\"24\"\n               data-title=\"senja-38\"\n               data-description=\"\"\n               data-image-slug=\"senja-38\"\n               class=\"ngg-simplelightbox\" rel=\"ab22c2697b006f84d4b38c6377df69f4\">\n                <img\n                    title=\"senja-38\"\n                    alt=\"senja-38\"\n                    src=\"http:\/\/russisch-blau.biz\/wordpress\/wp-content\/webbilder\/thumbs\/thumbs_senja-38.jpg\"\n                    width=\"100\"\n                    height=\"75\"\n                    style=\"max-width:100%;\"\n                \/>\n            <\/a>\n        <\/div>\n\t\t\t\t\t\t\t<\/div> \n\t\t\t\n        \n\t\t\t\t<div id=\"ngg-image-7\" class=\"ngg-gallery-thumbnail-box\" >\n\t\t\t\t        <div class=\"ngg-gallery-thumbnail\">\n            <a href=\"http:\/\/russisch-blau.biz\/wordpress\/wp-content\/webbilder\/senja-43.jpg\"\n               title=\"\"\n               data-src=\"http:\/\/russisch-blau.biz\/wordpress\/wp-content\/webbilder\/senja-43.jpg\"\n               data-thumbnail=\"http:\/\/russisch-blau.biz\/wordpress\/wp-content\/webbilder\/thumbs\/thumbs_senja-43.jpg\"\n               data-image-id=\"25\"\n               data-title=\"senja-43\"\n               data-description=\"\"\n               data-image-slug=\"senja-43\"\n               class=\"ngg-simplelightbox\" rel=\"ab22c2697b006f84d4b38c6377df69f4\">\n                <img\n                    title=\"senja-43\"\n                    alt=\"senja-43\"\n                    src=\"http:\/\/russisch-blau.biz\/wordpress\/wp-content\/webbilder\/thumbs\/thumbs_senja-43.jpg\"\n                    width=\"100\"\n                    height=\"75\"\n                    style=\"max-width:100%;\"\n                \/>\n            <\/a>\n        <\/div>\n\t\t\t\t\t\t\t<\/div> \n\t\t\t\n        \n\t\t\t\t<div id=\"ngg-image-8\" class=\"ngg-gallery-thumbnail-box\" >\n\t\t\t\t        <div class=\"ngg-gallery-thumbnail\">\n            <a href=\"http:\/\/russisch-blau.biz\/wordpress\/wp-content\/webbilder\/senja-46.jpg\"\n               title=\"\"\n               data-src=\"http:\/\/russisch-blau.biz\/wordpress\/wp-content\/webbilder\/senja-46.jpg\"\n               data-thumbnail=\"http:\/\/russisch-blau.biz\/wordpress\/wp-content\/webbilder\/thumbs\/thumbs_senja-46.jpg\"\n               data-image-id=\"26\"\n               data-title=\"senja-46\"\n               data-description=\"\"\n               data-image-slug=\"senja-46\"\n               class=\"ngg-simplelightbox\" rel=\"ab22c2697b006f84d4b38c6377df69f4\">\n                <img\n                    title=\"senja-46\"\n                    alt=\"senja-46\"\n                    src=\"http:\/\/russisch-blau.biz\/wordpress\/wp-content\/webbilder\/thumbs\/thumbs_senja-46.jpg\"\n                    width=\"100\"\n                    height=\"75\"\n                    style=\"max-width:100%;\"\n                \/>\n            <\/a>\n        <\/div>\n\t\t\t\t\t\t\t<\/div> \n\t\t\t\n        \n\t\t\t\t<div id=\"ngg-image-9\" class=\"ngg-gallery-thumbnail-box\" >\n\t\t\t\t        <div class=\"ngg-gallery-thumbnail\">\n            <a href=\"http:\/\/russisch-blau.biz\/wordpress\/wp-content\/webbilder\/senja-49.jpg\"\n               title=\"\"\n               data-src=\"http:\/\/russisch-blau.biz\/wordpress\/wp-content\/webbilder\/senja-49.jpg\"\n               data-thumbnail=\"http:\/\/russisch-blau.biz\/wordpress\/wp-content\/webbilder\/thumbs\/thumbs_senja-49.jpg\"\n               data-image-id=\"27\"\n               data-title=\"senja-49\"\n               data-description=\"\"\n               data-image-slug=\"senja-49\"\n               class=\"ngg-simplelightbox\" rel=\"ab22c2697b006f84d4b38c6377df69f4\">\n                <img\n                    title=\"senja-49\"\n                    alt=\"senja-49\"\n                    src=\"http:\/\/russisch-blau.biz\/wordpress\/wp-content\/webbilder\/thumbs\/thumbs_senja-49.jpg\"\n                    width=\"100\"\n                    height=\"75\"\n                    style=\"max-width:100%;\"\n                \/>\n            <\/a>\n        <\/div>\n\t\t\t\t\t\t\t<\/div> \n\t\t\t\n        \n\t\t\t\t<div id=\"ngg-image-10\" class=\"ngg-gallery-thumbnail-box\" >\n\t\t\t\t        <div class=\"ngg-gallery-thumbnail\">\n            <a href=\"http:\/\/russisch-blau.biz\/wordpress\/wp-content\/webbilder\/senja-54.jpg\"\n               title=\"\"\n               data-src=\"http:\/\/russisch-blau.biz\/wordpress\/wp-content\/webbilder\/senja-54.jpg\"\n               data-thumbnail=\"http:\/\/russisch-blau.biz\/wordpress\/wp-content\/webbilder\/thumbs\/thumbs_senja-54.jpg\"\n               data-image-id=\"28\"\n               data-title=\"senja-54\"\n               data-description=\"\"\n               data-image-slug=\"senja-54\"\n               class=\"ngg-simplelightbox\" rel=\"ab22c2697b006f84d4b38c6377df69f4\">\n                <img\n                    title=\"senja-54\"\n                    alt=\"senja-54\"\n                    src=\"http:\/\/russisch-blau.biz\/wordpress\/wp-content\/webbilder\/thumbs\/thumbs_senja-54.jpg\"\n                    width=\"100\"\n                    height=\"75\"\n                    style=\"max-width:100%;\"\n                \/>\n            <\/a>\n        <\/div>\n\t\t\t\t\t\t\t<\/div> \n\t\t\t\n        \n\t\t\t\t<div id=\"ngg-image-11\" class=\"ngg-gallery-thumbnail-box\" >\n\t\t\t\t        <div class=\"ngg-gallery-thumbnail\">\n            <a href=\"http:\/\/russisch-blau.biz\/wordpress\/wp-content\/webbilder\/senja-57.jpg\"\n               title=\"\"\n               data-src=\"http:\/\/russisch-blau.biz\/wordpress\/wp-content\/webbilder\/senja-57.jpg\"\n               data-thumbnail=\"http:\/\/russisch-blau.biz\/wordpress\/wp-content\/webbilder\/thumbs\/thumbs_senja-57.jpg\"\n               data-image-id=\"29\"\n               data-title=\"senja-57\"\n               data-description=\"\"\n               data-image-slug=\"senja-57\"\n               class=\"ngg-simplelightbox\" rel=\"ab22c2697b006f84d4b38c6377df69f4\">\n                <img\n                    title=\"senja-57\"\n                    alt=\"senja-57\"\n                    src=\"http:\/\/russisch-blau.biz\/wordpress\/wp-content\/webbilder\/thumbs\/thumbs_senja-57.jpg\"\n                    width=\"100\"\n                    height=\"75\"\n                    style=\"max-width:100%;\"\n                \/>\n            <\/a>\n        <\/div>\n\t\t\t\t\t\t\t<\/div> \n\t\t\t\n        \n\t\t\t\t<div id=\"ngg-image-12\" class=\"ngg-gallery-thumbnail-box\" >\n\t\t\t\t        <div class=\"ngg-gallery-thumbnail\">\n            <a href=\"http:\/\/russisch-blau.biz\/wordpress\/wp-content\/webbilder\/senja-59.jpg\"\n               title=\"\"\n               data-src=\"http:\/\/russisch-blau.biz\/wordpress\/wp-content\/webbilder\/senja-59.jpg\"\n               data-thumbnail=\"http:\/\/russisch-blau.biz\/wordpress\/wp-content\/webbilder\/thumbs\/thumbs_senja-59.jpg\"\n               data-image-id=\"30\"\n               data-title=\"senja-59\"\n               data-description=\"\"\n               data-image-slug=\"senja-59\"\n               class=\"ngg-simplelightbox\" rel=\"ab22c2697b006f84d4b38c6377df69f4\">\n                <img\n                    title=\"senja-59\"\n                    alt=\"senja-59\"\n                    src=\"http:\/\/russisch-blau.biz\/wordpress\/wp-content\/webbilder\/thumbs\/thumbs_senja-59.jpg\"\n                    width=\"100\"\n                    height=\"75\"\n                    style=\"max-width:100%;\"\n                \/>\n            <\/a>\n        <\/div>\n\t\t\t\t\t\t\t<\/div> \n\t\t\t\n        \n\t\t\t\t<div id=\"ngg-image-13\" class=\"ngg-gallery-thumbnail-box\" >\n\t\t\t\t        <div class=\"ngg-gallery-thumbnail\">\n            <a href=\"http:\/\/russisch-blau.biz\/wordpress\/wp-content\/webbilder\/senja-64.jpg\"\n               title=\"\"\n               data-src=\"http:\/\/russisch-blau.biz\/wordpress\/wp-content\/webbilder\/senja-64.jpg\"\n               data-thumbnail=\"http:\/\/russisch-blau.biz\/wordpress\/wp-content\/webbilder\/thumbs\/thumbs_senja-64.jpg\"\n               data-image-id=\"31\"\n               data-title=\"senja-64\"\n               data-description=\"\"\n               data-image-slug=\"senja-64\"\n               class=\"ngg-simplelightbox\" rel=\"ab22c2697b006f84d4b38c6377df69f4\">\n                <img\n                    title=\"senja-64\"\n                    alt=\"senja-64\"\n                    src=\"http:\/\/russisch-blau.biz\/wordpress\/wp-content\/webbilder\/thumbs\/thumbs_senja-64.jpg\"\n                    width=\"100\"\n                    height=\"75\"\n                    style=\"max-width:100%;\"\n                \/>\n            <\/a>\n        <\/div>\n\t\t\t\t\t\t\t<\/div> \n\t\t\t\n        \n\t\t\t\t<div id=\"ngg-image-14\" class=\"ngg-gallery-thumbnail-box\" >\n\t\t\t\t        <div class=\"ngg-gallery-thumbnail\">\n            <a href=\"http:\/\/russisch-blau.biz\/wordpress\/wp-content\/webbilder\/senja-72.jpg\"\n               title=\"\"\n               data-src=\"http:\/\/russisch-blau.biz\/wordpress\/wp-content\/webbilder\/senja-72.jpg\"\n               data-thumbnail=\"http:\/\/russisch-blau.biz\/wordpress\/wp-content\/webbilder\/thumbs\/thumbs_senja-72.jpg\"\n               data-image-id=\"32\"\n               data-title=\"senja-72\"\n               data-description=\"\"\n               data-image-slug=\"senja-72\"\n               class=\"ngg-simplelightbox\" rel=\"ab22c2697b006f84d4b38c6377df69f4\">\n                <img\n                    title=\"senja-72\"\n                    alt=\"senja-72\"\n                    src=\"http:\/\/russisch-blau.biz\/wordpress\/wp-content\/webbilder\/thumbs\/thumbs_senja-72.jpg\"\n                    width=\"100\"\n                    height=\"75\"\n                    style=\"max-width:100%;\"\n                \/>\n            <\/a>\n        <\/div>\n\t\t\t\t\t\t\t<\/div> \n\t\t\t\n        \n\t\t\t\t<div id=\"ngg-image-15\" class=\"ngg-gallery-thumbnail-box\" >\n\t\t\t\t        <div class=\"ngg-gallery-thumbnail\">\n            <a href=\"http:\/\/russisch-blau.biz\/wordpress\/wp-content\/webbilder\/senja-74.jpg\"\n               title=\"\"\n               data-src=\"http:\/\/russisch-blau.biz\/wordpress\/wp-content\/webbilder\/senja-74.jpg\"\n               data-thumbnail=\"http:\/\/russisch-blau.biz\/wordpress\/wp-content\/webbilder\/thumbs\/thumbs_senja-74.jpg\"\n               data-image-id=\"33\"\n               data-title=\"senja-74\"\n               data-description=\"\"\n               data-image-slug=\"senja-74\"\n               class=\"ngg-simplelightbox\" rel=\"ab22c2697b006f84d4b38c6377df69f4\">\n                <img\n                    title=\"senja-74\"\n                    alt=\"senja-74\"\n                    src=\"http:\/\/russisch-blau.biz\/wordpress\/wp-content\/webbilder\/thumbs\/thumbs_senja-74.jpg\"\n                    width=\"100\"\n                    height=\"75\"\n                    style=\"max-width:100%;\"\n                \/>\n            <\/a>\n        <\/div>\n\t\t\t\t\t\t\t<\/div> \n\t\t\t\n        \n\t\t\t\t<div id=\"ngg-image-16\" class=\"ngg-gallery-thumbnail-box\" >\n\t\t\t\t        <div class=\"ngg-gallery-thumbnail\">\n            <a href=\"http:\/\/russisch-blau.biz\/wordpress\/wp-content\/webbilder\/senja-81.jpg\"\n               title=\"\"\n               data-src=\"http:\/\/russisch-blau.biz\/wordpress\/wp-content\/webbilder\/senja-81.jpg\"\n               data-thumbnail=\"http:\/\/russisch-blau.biz\/wordpress\/wp-content\/webbilder\/thumbs\/thumbs_senja-81.jpg\"\n               data-image-id=\"34\"\n               data-title=\"senja-81\"\n               data-description=\"\"\n               data-image-slug=\"senja-81\"\n               class=\"ngg-simplelightbox\" rel=\"ab22c2697b006f84d4b38c6377df69f4\">\n                <img\n                    title=\"senja-81\"\n                    alt=\"senja-81\"\n                    src=\"http:\/\/russisch-blau.biz\/wordpress\/wp-content\/webbilder\/thumbs\/thumbs_senja-81.jpg\"\n                    width=\"100\"\n                    height=\"75\"\n                    style=\"max-width:100%;\"\n                \/>\n            <\/a>\n        <\/div>\n\t\t\t\t\t\t\t<\/div> \n\t\t\t\n        \n\t\t\n\t\t<!-- Pagination -->\n\t<div class='ngg-clear'><\/div>\t<\/div>\n<\/strong><\/p>\n","protected":false},"excerpt":{"rendered":"<p>Vollst\u00e4ndiger Name: Arkadij-Arsenij von Malyschka Geburtstag: 28.04.2010 aktueller Titel: Gro\u00dfer Europa Champion Ausstellungserfolge: 12 X Best in Variety 14 X nom. Best in Show 11 X Best in Show 4 X Best of Best 3 X Best over all 4 X Platz 1 WCF Ring 2 X Sieger Russisch Blau Sondershow Kosename: &#8222;Senja&#8220; Kastriert, Oktober [&hellip;]<\/p>\n","protected":false},"author":1,"featured_media":0,"parent":586,"menu_order":0,"comment_status":"open","ping_status":"open","template":"","meta":{"ngg_post_thumbnail":0,"footnotes":""},"_links":{"self":[{"href":"http:\/\/russisch-blau.biz\/wordpress\/wp-json\/wp\/v2\/pages\/77"}],"collection":[{"href":"http:\/\/russisch-blau.biz\/wordpress\/wp-json\/wp\/v2\/pages"}],"about":[{"href":"http:\/\/russisch-blau.biz\/wordpress\/wp-json\/wp\/v2\/types\/page"}],"author":[{"embeddable":true,"href":"http:\/\/russisch-blau.biz\/wordpress\/wp-json\/wp\/v2\/users\/1"}],"replies":[{"embeddable":true,"href":"http:\/\/russisch-blau.biz\/wordpress\/wp-json\/wp\/v2\/comments?post=77"}],"version-history":[{"count":23,"href":"http:\/\/russisch-blau.biz\/wordpress\/wp-json\/wp\/v2\/pages\/77\/revisions"}],"predecessor-version":[{"id":620,"href":"http:\/\/russisch-blau.biz\/wordpress\/wp-json\/wp\/v2\/pages\/77\/revisions\/620"}],"up":[{"embeddable":true,"href":"http:\/\/russisch-blau.biz\/wordpress\/wp-json\/wp\/v2\/pages\/586"}],"wp:attachment":[{"href":"http:\/\/russisch-blau.biz\/wordpress\/wp-json\/wp\/v2\/media?parent=77"}],"curies":[{"name":"wp","href":"https:\/\/api.w.org\/{rel}","templated":true}]}}