{"id":7,"date":"2011-12-07T10:39:12","date_gmt":"2011-12-07T10:39:12","guid":{"rendered":"http:\/\/russisch-blau.biz\/wordpress\/?page_id=7"},"modified":"2011-12-16T07:29:05","modified_gmt":"2011-12-16T07:29:05","slug":"ausstellungen","status":"publish","type":"page","link":"http:\/\/russisch-blau.biz\/wordpress\/ausstellungen\/","title":{"rendered":"Ausstellungen"},"content":{"rendered":"<p><a href=\"http:\/\/russisch-blau.biz\/wordpress\/wp-content\/uploads\/2011\/12\/pokale.jpg\"><img decoding=\"async\" class=\"alignleft size-full wp-image-173\" title=\"pokale\" src=\"http:\/\/russisch-blau.biz\/wordpress\/wp-content\/uploads\/2011\/12\/pokale.jpg\" alt=\"\" width=\"580\" srcset=\"http:\/\/russisch-blau.biz\/wordpress\/wp-content\/uploads\/2011\/12\/pokale.jpg 640w, http:\/\/russisch-blau.biz\/wordpress\/wp-content\/uploads\/2011\/12\/pokale-300x107.jpg 300w\" sizes=\"(max-width: 640px) 100vw, 640px\" \/><\/a><br \/>\n<strong>04.12.2010 Korb \/ Grand Prix e.V<\/strong><br \/>\nArkadij-Arsenij CACE, CACE Frau Wegmann, Frau Zielinski<br \/>\nXander CACJ, BIV, BIS<\/p>\n<p><strong>19.11.2010 Waldmichelbach \/ deutsche Edelkatze<\/strong><br \/>\nArkadij-Arsenij CAGCIB, CAGCIB neuer Titel Gro\u00dfer Internationaler Champion, BIV, BIS, BOB, BOA Herr K\u00f6lzer, Frau Hackmann<br \/>\nXander CACJ, Kittenring 3. Platz Herr K\u00f6lzer<\/p>\n<p><strong>06.11.2011 Brest \/ Weissrussland Elit Kis<\/strong><br \/>\nArkadij-Arsenij CAGCIB nom. Best in Show Frau Pilatova<\/p>\n<p><strong>16.10.2011 Weyersheim Frankreich \/ Cercle Felin de lest<\/strong><br \/>\nArkadij-Arsenij CACIB neuer Titel Internationaler Champion<br \/>\nArina Barynja-Sudarynja CACE, nom. Best in Show, Frau Comte<\/p>\n<p><strong>04.09.2011 Mannheim \/ KRV<\/strong><br \/>\nArkadij-Arsenij CACIB, CACIB<br \/>\nArina Barynja-Sudarynja CACE, CACE<\/p>\n<p><strong>16.07.2011 Brest \/ Weissrussland Elit Kis<\/strong><br \/>\nArina Barynja-Sudarynja CAGCIB, neuer Titel Gro\u00dfer Internationaler Champion, Best in Show, Frau Chuckvicha<\/p>\n<p><strong>18.06.2011 Filderstadt \/ Grand Prix e.V.<\/strong><br \/>\nArkadij-Arsenij CACIB, v2 Frau Bajou, Herr Kunde<br \/>\nArina Barynja-Sudarynja CAGCIB, CAGCIB, Best in Variety, Frau Bajou, Herr Kunde<\/p>\n<p><strong>08.05.2011 Waldorf M\u00f6rfelden \/ Verein der Katzenfreunde e.V.<\/strong><br \/>\nArkadij-Arsenij v2, v2 Frau Schildan Maschke, Herr Peters<br \/>\nArina Barynja-Sudarynja v2, CACIB, neuer Titel Internationaler Champion Frau Schildan Maschke, Herr Peters<\/p>\n<p><strong>10.04.2011 Eschau, Frankreich \/ Cercle Felin de lest<\/strong><br \/>\nArkadij-Arsenij CAC Frau Gaspard, neuer Titel Champion<br \/>\nArina Barynja-Sudarynja CACIB Frau Gaspard<\/p>\n<p><strong>19.03. &#8211; 20.03.2011 Leingarten \/ Grand Prix e.V.<\/strong><br \/>\nArkadij-Arsenij CAC, ex2, CAC, CAC Herr Stein, Herr Trautmann<br \/>\nArina Barynja-Sudarynja CAC, CAC, CAC, CACIB neuer Titel Champion Herr Stein, Herr Trautmann<\/p>\n<p><strong>20.02.2011 Lingenfeld \/ KRV<\/strong><br \/>\nArkadij-Arsenij BIS, CACJ<\/p>\n<p><strong>18.09.2010 Waldmichelbach \/ deutsche Edelkatze<\/strong><br \/>\nArkadij-Arsenij BIV, CACJ Vorz\u00fcglich 1 Frau Schuller<br \/>\nArina Barynja-Sudarynja CACJ Vorz\u00fcglich 1 Frau Schuler<br \/>\n<strong><br \/>\n20.02. &#8211; 21.02.2010 KRV \/ Lingenfeld<\/strong><br \/>\nBaronessa von Queen Kiss ex2, ex2, ex2, CAC neuer Titel Champion<\/p>\n<p><strong>16.01. &#8211; 17.01.2010 Grand Prix e.V. \/ Stuttgart<\/strong><br \/>\nBaronessa von Queen Kiss ex2, CAC, ex2, CAC<\/p>\n","protected":false},"excerpt":{"rendered":"<p>04.12.2010 Korb \/ Grand Prix e.V Arkadij-Arsenij CACE, CACE Frau Wegmann, Frau Zielinski Xander CACJ, BIV, BIS 19.11.2010 Waldmichelbach \/ deutsche Edelkatze Arkadij-Arsenij CAGCIB, CAGCIB neuer Titel Gro\u00dfer Internationaler Champion, BIV, BIS, BOB, BOA Herr K\u00f6lzer, Frau Hackmann Xander CACJ, Kittenring 3. Platz Herr K\u00f6lzer 06.11.2011 Brest \/ Weissrussland Elit Kis Arkadij-Arsenij CAGCIB nom. Best [&hellip;]<\/p>\n","protected":false},"author":1,"featured_media":0,"parent":0,"menu_order":4,"comment_status":"open","ping_status":"open","template":"","meta":{"ngg_post_thumbnail":0,"footnotes":""},"_links":{"self":[{"href":"http:\/\/russisch-blau.biz\/wordpress\/wp-json\/wp\/v2\/pages\/7"}],"collection":[{"href":"http:\/\/russisch-blau.biz\/wordpress\/wp-json\/wp\/v2\/pages"}],"about":[{"href":"http:\/\/russisch-blau.biz\/wordpress\/wp-json\/wp\/v2\/types\/page"}],"author":[{"embeddable":true,"href":"http:\/\/russisch-blau.biz\/wordpress\/wp-json\/wp\/v2\/users\/1"}],"replies":[{"embeddable":true,"href":"http:\/\/russisch-blau.biz\/wordpress\/wp-json\/wp\/v2\/comments?post=7"}],"version-history":[{"count":16,"href":"http:\/\/russisch-blau.biz\/wordpress\/wp-json\/wp\/v2\/pages\/7\/revisions"}],"predecessor-version":[{"id":225,"href":"http:\/\/russisch-blau.biz\/wordpress\/wp-json\/wp\/v2\/pages\/7\/revisions\/225"}],"wp:attachment":[{"href":"http:\/\/russisch-blau.biz\/wordpress\/wp-json\/wp\/v2\/media?parent=7"}],"curies":[{"name":"wp","href":"https:\/\/api.w.org\/{rel}","templated":true}]}}