{"id":354,"date":"2012-03-26T12:07:54","date_gmt":"2012-03-26T12:07:54","guid":{"rendered":"http:\/\/russisch-blau.biz\/wordpress\/?page_id=354"},"modified":"2014-03-19T13:27:26","modified_gmt":"2014-03-19T13:27:26","slug":"nasti","status":"publish","type":"page","link":"http:\/\/russisch-blau.biz\/wordpress\/ehemaligekastraten\/nasti\/","title":{"rendered":"Nasti von Arda"},"content":{"rendered":"<p>&nbsp;<\/p>\n<p><strong>Vollst\u00e4ndiger Name: Nasti von Arda<br \/>\nGeburtstag: 15.11.2011<br \/>\naktueller Titel: bin noch klein<br \/>\nAusstellungserfolge: 1 X Best in Show<br \/>\nKosename: &#8222;Nusha&#8220;<\/strong><\/p>\n<p>kastriert 11\/2014<\/p>\n<p><a href=\"http:\/\/russisch-blau.biz\/wordpress\/wp-content\/uploads\/2012\/03\/nasti_stammbaum.jpg\" target=\"_blank\">Stammbaum \u00bb<\/a><\/p>\n<p><a href=\"http:\/\/russisch-blau.biz\/wordpress\/wp-content\/uploads\/2012\/03\/nasti1.jpg\"><img loading=\"lazy\" decoding=\"async\" class=\"alignleft size-medium wp-image-366\" title=\"nasti\" alt=\"\" src=\"http:\/\/russisch-blau.biz\/wordpress\/wp-content\/uploads\/2012\/03\/nasti1-300x199.jpg\" width=\"300\" height=\"199\" srcset=\"http:\/\/russisch-blau.biz\/wordpress\/wp-content\/uploads\/2012\/03\/nasti1-300x199.jpg 300w, http:\/\/russisch-blau.biz\/wordpress\/wp-content\/uploads\/2012\/03\/nasti1.jpg 640w\" sizes=\"(max-width: 300px) 100vw, 300px\" \/><\/a><a href=\"http:\/\/russisch-blau.biz\/wordpress\/wp-content\/uploads\/2011\/12\/titelgross_bara.jpg\"><br \/>\n<\/a><\/p>\n<p>&nbsp;<\/p>\n<p>&nbsp;<\/p>\n<p>&nbsp;<\/p>\n<p>&nbsp;<\/p>\n<p>&nbsp;<\/p>\n<p>&nbsp;<\/p>\n<p><a href=\"http:\/\/russisch-blau.biz\/wordpress\/wp-content\/uploads\/2012\/03\/nasti2.jpg\"><img loading=\"lazy\" decoding=\"async\" class=\"alignleft size-medium wp-image-370\" title=\"nasti2\" alt=\"\" src=\"http:\/\/russisch-blau.biz\/wordpress\/wp-content\/uploads\/2012\/03\/nasti2-300x199.jpg\" width=\"300\" height=\"199\" srcset=\"http:\/\/russisch-blau.biz\/wordpress\/wp-content\/uploads\/2012\/03\/nasti2-300x199.jpg 300w, http:\/\/russisch-blau.biz\/wordpress\/wp-content\/uploads\/2012\/03\/nasti2.jpg 640w\" sizes=\"(max-width: 300px) 100vw, 300px\" \/><\/a><br clear=\"all\" \/><br \/>\n<strong> Kurzportr\u00e4t<\/strong><br \/>\nNusha ist ne richtige Schmuserin, wir lieben Sie alle sehr. Danke nochmals an Norman Kuchnerus f\u00fcr dieses tolle M\u00e4del!<br \/>\nSie hat einen Typischen russisch Blau Charakter, manchmal ziemlich reserviert, immer neugierig.<\/p>\n<p>&nbsp;<\/p>\n","protected":false},"excerpt":{"rendered":"<p>&nbsp; Vollst\u00e4ndiger Name: Nasti von Arda Geburtstag: 15.11.2011 aktueller Titel: bin noch klein Ausstellungserfolge: 1 X Best in Show Kosename: &#8222;Nusha&#8220; kastriert 11\/2014 Stammbaum \u00bb &nbsp; &nbsp; &nbsp; &nbsp; &nbsp; &nbsp; Kurzportr\u00e4t Nusha ist ne richtige Schmuserin, wir lieben Sie alle sehr. Danke nochmals an Norman Kuchnerus f\u00fcr dieses tolle M\u00e4del! Sie hat einen Typischen [&hellip;]<\/p>\n","protected":false},"author":1,"featured_media":0,"parent":586,"menu_order":5,"comment_status":"open","ping_status":"open","template":"","meta":{"ngg_post_thumbnail":0,"footnotes":""},"_links":{"self":[{"href":"http:\/\/russisch-blau.biz\/wordpress\/wp-json\/wp\/v2\/pages\/354"}],"collection":[{"href":"http:\/\/russisch-blau.biz\/wordpress\/wp-json\/wp\/v2\/pages"}],"about":[{"href":"http:\/\/russisch-blau.biz\/wordpress\/wp-json\/wp\/v2\/types\/page"}],"author":[{"embeddable":true,"href":"http:\/\/russisch-blau.biz\/wordpress\/wp-json\/wp\/v2\/users\/1"}],"replies":[{"embeddable":true,"href":"http:\/\/russisch-blau.biz\/wordpress\/wp-json\/wp\/v2\/comments?post=354"}],"version-history":[{"count":11,"href":"http:\/\/russisch-blau.biz\/wordpress\/wp-json\/wp\/v2\/pages\/354\/revisions"}],"predecessor-version":[{"id":356,"href":"http:\/\/russisch-blau.biz\/wordpress\/wp-json\/wp\/v2\/pages\/354\/revisions\/356"}],"up":[{"embeddable":true,"href":"http:\/\/russisch-blau.biz\/wordpress\/wp-json\/wp\/v2\/pages\/586"}],"wp:attachment":[{"href":"http:\/\/russisch-blau.biz\/wordpress\/wp-json\/wp\/v2\/media?parent=354"}],"curies":[{"name":"wp","href":"https:\/\/api.w.org\/{rel}","templated":true}]}}