{"id":264,"date":"2012-01-13T09:33:28","date_gmt":"2012-01-13T09:33:28","guid":{"rendered":"http:\/\/russisch-blau.biz\/wordpress\/?page_id=264"},"modified":"2012-09-27T08:46:42","modified_gmt":"2012-09-27T08:46:42","slug":"d-wurf","status":"publish","type":"page","link":"http:\/\/russisch-blau.biz\/wordpress\/kitten\/d-wurf\/","title":{"rendered":"D-Wurf"},"content":{"rendered":"<p><a href=\"http:\/\/russisch-blau.biz\/wordpress\/wp-content\/uploads\/2011\/12\/bara_babies2.jpg\"><img loading=\"lazy\" decoding=\"async\" class=\"alignleft size-medium wp-image-244\" title=\"bara_babies2\" src=\"http:\/\/russisch-blau.biz\/wordpress\/wp-content\/uploads\/2011\/12\/bara_babies2-300x225.jpg\" alt=\"\" width=\"300\" height=\"225\" srcset=\"http:\/\/russisch-blau.biz\/wordpress\/wp-content\/uploads\/2011\/12\/bara_babies2-300x225.jpg 300w, http:\/\/russisch-blau.biz\/wordpress\/wp-content\/uploads\/2011\/12\/bara_babies2.jpg 640w\" sizes=\"(max-width: 300px) 100vw, 300px\" \/><\/a>Am 06.01.2012 um 12:05 Uhr kam unser D-Wurf zur Welt, Katzenmama und wir waren schon 2 Tage total angespannt, da dies Baras erste Babys sind. Endlich war es soweit und die gro\u00dfe \u00dcberaschung: es gibt Zwillinge bei Katzen! Die ersten beiden Kitten kamem gleichzeitig zur Welt, beide Nabelschn\u00fcre befanden sich auf einer einzigen Plazenta. Um 12:30 kam dann Baby Nummer 3 und um 12:40 direkt Baby Nummer 4 \u2026..<br \/>\nDie Eltern der Babys: Europa Champion Arinja Barinja Sudarinja von Malyschka und der Papa Gro\u00dfer Europa Champion Rhodora Minski Tobias. Der \u201cOpa\u201d ist gro\u00dfer Europa Champion Kosyrev Demetrius von Ered Michrin.<\/p>\n<p>Es handelt sich um vier m\u00e4nnliche Russisch Blau, einen werden wir selbst behalten, die restlichen k\u00f6nnen ab sofort reserviert werden. 2 davon haben schon diese tollen \u201cRingel\u201d am Schwanz und sind sehr hell, deshalb bieten wir den 2. davon gerne auch zum Tausch an einen Z\u00fcchter an, damit diese tolle Linie nicht verlorengeht!<\/p>\n<p>Fr\u00fchester Abgabetermin 30 M\u00e4rz 2012, die Kitten sind dann entwurmt, 2 X geimpft und verlassen uns mit einem Futterpakete sowie Ihrem Stammbaum.<\/p>\n<p>Aktuelle Fotos finden w\u00f6chentlich auf unserer Startseite.<\/p>\n<p>Dobrynja Nikitich von Malyschka (vergeben)<\/p>\n<p>Dobromir von Malyschka (reserviert)<\/p>\n<p>Dimka von Malyschka (reserviert)<\/p>\n<p>Domowoj von Malyschka (reserviert)<\/p>\n<p><a href=\"http:\/\/www.pawpeds.com\/db\/?a=p&amp;ids=3:993563;2:348827&amp;g=4&amp;p=rus&amp;date=iso&amp;o=ajgrep\" target=\"_blank\">Stammbaum<\/a><\/p>\n<p>&nbsp;<\/p>\n<!-- index.php -->\n<div\n\tclass=\"ngg-galleryoverview ngg-ajax-pagination-none\"\n\tid=\"ngg-gallery-c8896d0ab7c5f2a225c23b1808e70a4b-1\">\n\n    \t<div class=\"slideshowlink\">\n        <a href='http:\/\/russisch-blau.biz\/wordpress\/kitten\/d-wurf\/nggallery\/slideshow'>[Show as slideshow]<\/a>\n\t\t\n\t<\/div>\n\t\t\t<!-- Thumbnails -->\n\t\t\t\t<div id=\"ngg-image-0\" class=\"ngg-gallery-thumbnail-box\" >\n\t\t\t\t        <div class=\"ngg-gallery-thumbnail\">\n            <a href=\"http:\/\/russisch-blau.biz\/wordpress\/wp-content\/gallery\/babys\/baby1.jpg\"\n               title=\"Domowoj von Malyschka\"\n               data-src=\"http:\/\/russisch-blau.biz\/wordpress\/wp-content\/gallery\/babys\/baby1.jpg\"\n               data-thumbnail=\"http:\/\/russisch-blau.biz\/wordpress\/wp-content\/gallery\/babys\/thumbs\/thumbs_baby1.jpg\"\n               data-image-id=\"136\"\n               data-title=\"Domowoj von Malyschka\"\n               data-description=\"Domowoj von Malyschka\"\n               data-image-slug=\"domowoj-von-malyschka\"\n               class=\"ngg-simplelightbox\" rel=\"c8896d0ab7c5f2a225c23b1808e70a4b\">\n                <img\n                    title=\"Domowoj von Malyschka\"\n                    alt=\"Domowoj von Malyschka\"\n                    src=\"http:\/\/russisch-blau.biz\/wordpress\/wp-content\/gallery\/babys\/thumbs\/thumbs_baby1.jpg\"\n                    width=\"120\"\n                    height=\"75\"\n                    style=\"max-width:100%;\"\n                \/>\n            <\/a>\n        <\/div>\n\t\t\t\t\t\t\t<\/div> \n\t\t\t\n        \n\t\t\t\t<div id=\"ngg-image-1\" class=\"ngg-gallery-thumbnail-box\" >\n\t\t\t\t        <div class=\"ngg-gallery-thumbnail\">\n            <a href=\"http:\/\/russisch-blau.biz\/wordpress\/wp-content\/gallery\/babys\/baby2.jpg\"\n               title=\"Dobromir von Malyschka\"\n               data-src=\"http:\/\/russisch-blau.biz\/wordpress\/wp-content\/gallery\/babys\/baby2.jpg\"\n               data-thumbnail=\"http:\/\/russisch-blau.biz\/wordpress\/wp-content\/gallery\/babys\/thumbs\/thumbs_baby2.jpg\"\n               data-image-id=\"137\"\n               data-title=\"Dobromir von Malyschka\"\n               data-description=\"Dobromir von Malyschka\"\n               data-image-slug=\"dobromir-von-malyschka\"\n               class=\"ngg-simplelightbox\" rel=\"c8896d0ab7c5f2a225c23b1808e70a4b\">\n                <img\n                    title=\"Dobromir von Malyschka\"\n                    alt=\"Dobromir von Malyschka\"\n                    src=\"http:\/\/russisch-blau.biz\/wordpress\/wp-content\/gallery\/babys\/thumbs\/thumbs_baby2.jpg\"\n                    width=\"120\"\n                    height=\"75\"\n                    style=\"max-width:100%;\"\n                \/>\n            <\/a>\n        <\/div>\n\t\t\t\t\t\t\t<\/div> \n\t\t\t\n        \n\t\t\t\t<div id=\"ngg-image-2\" class=\"ngg-gallery-thumbnail-box\" >\n\t\t\t\t        <div class=\"ngg-gallery-thumbnail\">\n            <a href=\"http:\/\/russisch-blau.biz\/wordpress\/wp-content\/gallery\/babys\/baby3.jpg\"\n               title=\"Dimka von Malyschka\"\n               data-src=\"http:\/\/russisch-blau.biz\/wordpress\/wp-content\/gallery\/babys\/baby3.jpg\"\n               data-thumbnail=\"http:\/\/russisch-blau.biz\/wordpress\/wp-content\/gallery\/babys\/thumbs\/thumbs_baby3.jpg\"\n               data-image-id=\"138\"\n               data-title=\"Dimka von Malyschka\"\n               data-description=\"Dimka von Malyschka\"\n               data-image-slug=\"dimka-von-malyschka\"\n               class=\"ngg-simplelightbox\" rel=\"c8896d0ab7c5f2a225c23b1808e70a4b\">\n                <img\n                    title=\"Dimka von Malyschka\"\n                    alt=\"Dimka von Malyschka\"\n                    src=\"http:\/\/russisch-blau.biz\/wordpress\/wp-content\/gallery\/babys\/thumbs\/thumbs_baby3.jpg\"\n                    width=\"120\"\n                    height=\"75\"\n                    style=\"max-width:100%;\"\n                \/>\n            <\/a>\n        <\/div>\n\t\t\t\t\t\t\t<\/div> \n\t\t\t\n        \n\t\t\t\t<div id=\"ngg-image-3\" class=\"ngg-gallery-thumbnail-box\" >\n\t\t\t\t        <div class=\"ngg-gallery-thumbnail\">\n            <a href=\"http:\/\/russisch-blau.biz\/wordpress\/wp-content\/gallery\/babys\/baby4.jpg\"\n               title=\"Dobrynja Nikitich von Malyschka\"\n               data-src=\"http:\/\/russisch-blau.biz\/wordpress\/wp-content\/gallery\/babys\/baby4.jpg\"\n               data-thumbnail=\"http:\/\/russisch-blau.biz\/wordpress\/wp-content\/gallery\/babys\/thumbs\/thumbs_baby4.jpg\"\n               data-image-id=\"139\"\n               data-title=\"Dobrynja Nikitich von Malyschka\"\n               data-description=\"Dobrynja Nikitich von Malyschka\"\n               data-image-slug=\"dobrynja-nikitich-von-malyschka\"\n               class=\"ngg-simplelightbox\" rel=\"c8896d0ab7c5f2a225c23b1808e70a4b\">\n                <img\n                    title=\"Dobrynja Nikitich von Malyschka\"\n                    alt=\"Dobrynja Nikitich von Malyschka\"\n                    src=\"http:\/\/russisch-blau.biz\/wordpress\/wp-content\/gallery\/babys\/thumbs\/thumbs_baby4.jpg\"\n                    width=\"120\"\n                    height=\"75\"\n                    style=\"max-width:100%;\"\n                \/>\n            <\/a>\n        <\/div>\n\t\t\t\t\t\t\t<\/div> \n\t\t\t\n        \n\t\t\n\t\t<!-- Pagination -->\n\t<div class='ngg-clear'><\/div>\t<\/div>\n\n<p>Von links nach rechts:<br \/>\nDobrynja Nikitich &#8211; Dobromir &#8211; Dimka &#8211; Domowoj<\/p>\n<p>Die kleinen Racker wachsen und gedeihen pr\u00e4chtig, Bara ist eine echt liebevolle Mutter! H\u00e4tten wir eigentlich nicht gedacht, da Sie auf Menschen gepr\u00e4gt ist! 2 der Kleinen suchen definitiv noch ein neues sch\u00f6nes zu hause, bei Interesse k\u00f6nnen Sie uns jederzeit gerne kontaktieren.<\/p>\n","protected":false},"excerpt":{"rendered":"<p>Am 06.01.2012 um 12:05 Uhr kam unser D-Wurf zur Welt, Katzenmama und wir waren schon 2 Tage total angespannt, da dies Baras erste Babys sind. Endlich war es soweit und die gro\u00dfe \u00dcberaschung: es gibt Zwillinge bei Katzen! Die ersten beiden Kitten kamem gleichzeitig zur Welt, beide Nabelschn\u00fcre befanden sich auf einer einzigen Plazenta. Um [&hellip;]<\/p>\n","protected":false},"author":1,"featured_media":0,"parent":5,"menu_order":1,"comment_status":"open","ping_status":"open","template":"","meta":{"ngg_post_thumbnail":0,"footnotes":""},"_links":{"self":[{"href":"http:\/\/russisch-blau.biz\/wordpress\/wp-json\/wp\/v2\/pages\/264"}],"collection":[{"href":"http:\/\/russisch-blau.biz\/wordpress\/wp-json\/wp\/v2\/pages"}],"about":[{"href":"http:\/\/russisch-blau.biz\/wordpress\/wp-json\/wp\/v2\/types\/page"}],"author":[{"embeddable":true,"href":"http:\/\/russisch-blau.biz\/wordpress\/wp-json\/wp\/v2\/users\/1"}],"replies":[{"embeddable":true,"href":"http:\/\/russisch-blau.biz\/wordpress\/wp-json\/wp\/v2\/comments?post=264"}],"version-history":[{"count":11,"href":"http:\/\/russisch-blau.biz\/wordpress\/wp-json\/wp\/v2\/pages\/264\/revisions"}],"predecessor-version":[{"id":434,"href":"http:\/\/russisch-blau.biz\/wordpress\/wp-json\/wp\/v2\/pages\/264\/revisions\/434"}],"up":[{"embeddable":true,"href":"http:\/\/russisch-blau.biz\/wordpress\/wp-json\/wp\/v2\/pages\/5"}],"wp:attachment":[{"href":"http:\/\/russisch-blau.biz\/wordpress\/wp-json\/wp\/v2\/media?parent=264"}],"curies":[{"name":"wp","href":"https:\/\/api.w.org\/{rel}","templated":true}]}}