{"id":17,"date":"2011-12-07T10:42:26","date_gmt":"2011-12-07T10:42:26","guid":{"rendered":"http:\/\/russisch-blau.biz\/wordpress\/?page_id=17"},"modified":"2024-04-05T05:50:32","modified_gmt":"2024-04-05T05:50:32","slug":"europa-champion-arinja-barinja-sudarinja-von-malyschka","status":"publish","type":"page","link":"http:\/\/russisch-blau.biz\/wordpress\/beispiel-seite\/europa-champion-arinja-barinja-sudarinja-von-malyschka\/","title":{"rendered":"Arina Barynja-Sudarynja<br> von Malyschka"},"content":{"rendered":"<p>&nbsp;<\/p>\n<p><strong>Vollst\u00e4ndiger Name: Arina Barynja-Sudarynja von Malyschka<br \/>\nGeburtstag: 28.04.2010<br \/>\naktueller Titel: Gro\u00dfer Europa Champion<br \/>\nAusstellungserfolge: 2 X BIV, 4 X nom. Best in Show, 1 X Best in Show<br \/>\nKosename: &#8222;Bara&#8220;<\/strong><\/p>\n<p><a href=\"http:\/\/pawpeds.com\/db\/?a=p&amp;id=993563&amp;g=4&amp;p=rus&amp;date=iso&amp;o=ajgrep\" target=\"_blank\" rel=\"noopener\">Stammbaum \u00bb<\/a><\/p>\n<p><a href=\"http:\/\/russisch-blau.biz\/wordpress\/wp-content\/uploads\/2011\/12\/titelgross_bara.jpg\"><br \/>\n<img decoding=\"async\" class=\"alignleft size-full wp-image-92\" title=\"titelgross_bara\" alt=\"\" src=\"http:\/\/russisch-blau.biz\/wordpress\/wp-content\/uploads\/2011\/12\/titelgross_bara.jpg\" width=\"540\" srcset=\"http:\/\/russisch-blau.biz\/wordpress\/wp-content\/uploads\/2011\/12\/titelgross_bara.jpg 640w, http:\/\/russisch-blau.biz\/wordpress\/wp-content\/uploads\/2011\/12\/titelgross_bara-200x300.jpg 200w\" sizes=\"(max-width: 640px) 100vw, 640px\" \/><\/a><\/p>\n<p><br clear=\"all\" \/><br \/>\n<strong> Kurzportr\u00e4t<\/strong><br \/>\n&#8222;Bara&#8220; wie wir Sie liebevoll nennen, ist die Schmusekatze der Familie, noch nie habe ich eine so &#8222;Liebesbed\u00fcrftige Katze&#8220; erleben d\u00fcrfen. Ihr seidiges Fell ist einfach ein Traum und Ihre gr\u00fcnen Smaragdaugen faszinieren immer wieder unsere G\u00e4ste.<\/p>\n<!-- index.php -->\n<div\n\tclass=\"ngg-galleryoverview ngg-ajax-pagination-none\"\n\tid=\"ngg-gallery-6a2c79aada84116a257eddb3a7a9c697-1\">\n\n    \t<div class=\"slideshowlink\">\n        <a href='http:\/\/russisch-blau.biz\/wordpress\/beispiel-seite\/europa-champion-arinja-barinja-sudarinja-von-malyschka\/nggallery\/slideshow'>[Show as slideshow]<\/a>\n\t\t\n\t<\/div>\n\t\t\t<!-- Thumbnails -->\n\t\t\t\t<div id=\"ngg-image-0\" class=\"ngg-gallery-thumbnail-box\" >\n\t\t\t\t        <div class=\"ngg-gallery-thumbnail\">\n            <a href=\"http:\/\/russisch-blau.biz\/wordpress\/wp-content\/klein\/IMG_9556.jpg\"\n               title=\"\"\n               data-src=\"http:\/\/russisch-blau.biz\/wordpress\/wp-content\/klein\/IMG_9556.jpg\"\n               data-thumbnail=\"http:\/\/russisch-blau.biz\/wordpress\/wp-content\/klein\/thumbs\/thumbs_IMG_9556.jpg\"\n               data-image-id=\"57\"\n               data-title=\"IMG_9556\"\n               data-description=\"\"\n               data-image-slug=\"img_9556\"\n               class=\"ngg-simplelightbox\" rel=\"6a2c79aada84116a257eddb3a7a9c697\">\n                <img\n                    title=\"IMG_9556\"\n                    alt=\"IMG_9556\"\n                    src=\"http:\/\/russisch-blau.biz\/wordpress\/wp-content\/klein\/thumbs\/thumbs_IMG_9556.jpg\"\n                    width=\"120\"\n                    height=\"75\"\n                    style=\"max-width:100%;\"\n                \/>\n            <\/a>\n        <\/div>\n\t\t\t\t\t\t\t<\/div> \n\t\t\t\n        \n\t\t\t\t<div id=\"ngg-image-1\" class=\"ngg-gallery-thumbnail-box\" >\n\t\t\t\t        <div class=\"ngg-gallery-thumbnail\">\n            <a href=\"http:\/\/russisch-blau.biz\/wordpress\/wp-content\/klein\/IMG_9557.jpg\"\n               title=\"\"\n               data-src=\"http:\/\/russisch-blau.biz\/wordpress\/wp-content\/klein\/IMG_9557.jpg\"\n               data-thumbnail=\"http:\/\/russisch-blau.biz\/wordpress\/wp-content\/klein\/thumbs\/thumbs_IMG_9557.jpg\"\n               data-image-id=\"58\"\n               data-title=\"IMG_9557\"\n               data-description=\"\"\n               data-image-slug=\"img_9557\"\n               class=\"ngg-simplelightbox\" rel=\"6a2c79aada84116a257eddb3a7a9c697\">\n                <img\n                    title=\"IMG_9557\"\n                    alt=\"IMG_9557\"\n                    src=\"http:\/\/russisch-blau.biz\/wordpress\/wp-content\/klein\/thumbs\/thumbs_IMG_9557.jpg\"\n                    width=\"120\"\n                    height=\"75\"\n                    style=\"max-width:100%;\"\n                \/>\n            <\/a>\n        <\/div>\n\t\t\t\t\t\t\t<\/div> \n\t\t\t\n        \n\t\t\t\t<div id=\"ngg-image-2\" class=\"ngg-gallery-thumbnail-box\" >\n\t\t\t\t        <div class=\"ngg-gallery-thumbnail\">\n            <a href=\"http:\/\/russisch-blau.biz\/wordpress\/wp-content\/klein\/IMG_9558.jpg\"\n               title=\"\"\n               data-src=\"http:\/\/russisch-blau.biz\/wordpress\/wp-content\/klein\/IMG_9558.jpg\"\n               data-thumbnail=\"http:\/\/russisch-blau.biz\/wordpress\/wp-content\/klein\/thumbs\/thumbs_IMG_9558.jpg\"\n               data-image-id=\"59\"\n               data-title=\"IMG_9558\"\n               data-description=\"\"\n               data-image-slug=\"img_9558\"\n               class=\"ngg-simplelightbox\" rel=\"6a2c79aada84116a257eddb3a7a9c697\">\n                <img\n                    title=\"IMG_9558\"\n                    alt=\"IMG_9558\"\n                    src=\"http:\/\/russisch-blau.biz\/wordpress\/wp-content\/klein\/thumbs\/thumbs_IMG_9558.jpg\"\n                    width=\"120\"\n                    height=\"75\"\n                    style=\"max-width:100%;\"\n                \/>\n            <\/a>\n        <\/div>\n\t\t\t\t\t\t\t<\/div> \n\t\t\t\n        \n\t\t\t\t<div id=\"ngg-image-3\" class=\"ngg-gallery-thumbnail-box\" >\n\t\t\t\t        <div class=\"ngg-gallery-thumbnail\">\n            <a href=\"http:\/\/russisch-blau.biz\/wordpress\/wp-content\/klein\/IMG_9560.jpg\"\n               title=\"\"\n               data-src=\"http:\/\/russisch-blau.biz\/wordpress\/wp-content\/klein\/IMG_9560.jpg\"\n               data-thumbnail=\"http:\/\/russisch-blau.biz\/wordpress\/wp-content\/klein\/thumbs\/thumbs_IMG_9560.jpg\"\n               data-image-id=\"60\"\n               data-title=\"IMG_9560\"\n               data-description=\"\"\n               data-image-slug=\"img_9560\"\n               class=\"ngg-simplelightbox\" rel=\"6a2c79aada84116a257eddb3a7a9c697\">\n                <img\n                    title=\"IMG_9560\"\n                    alt=\"IMG_9560\"\n                    src=\"http:\/\/russisch-blau.biz\/wordpress\/wp-content\/klein\/thumbs\/thumbs_IMG_9560.jpg\"\n                    width=\"120\"\n                    height=\"75\"\n                    style=\"max-width:100%;\"\n                \/>\n            <\/a>\n        <\/div>\n\t\t\t\t\t\t\t<\/div> \n\t\t\t\n        \n\t\t\t\t<div id=\"ngg-image-4\" class=\"ngg-gallery-thumbnail-box\" >\n\t\t\t\t        <div class=\"ngg-gallery-thumbnail\">\n            <a href=\"http:\/\/russisch-blau.biz\/wordpress\/wp-content\/klein\/IMG_9563.jpg\"\n               title=\"\"\n               data-src=\"http:\/\/russisch-blau.biz\/wordpress\/wp-content\/klein\/IMG_9563.jpg\"\n               data-thumbnail=\"http:\/\/russisch-blau.biz\/wordpress\/wp-content\/klein\/thumbs\/thumbs_IMG_9563.jpg\"\n               data-image-id=\"61\"\n               data-title=\"IMG_9563\"\n               data-description=\"\"\n               data-image-slug=\"img_9563\"\n               class=\"ngg-simplelightbox\" rel=\"6a2c79aada84116a257eddb3a7a9c697\">\n                <img\n                    title=\"IMG_9563\"\n                    alt=\"IMG_9563\"\n                    src=\"http:\/\/russisch-blau.biz\/wordpress\/wp-content\/klein\/thumbs\/thumbs_IMG_9563.jpg\"\n                    width=\"120\"\n                    height=\"75\"\n                    style=\"max-width:100%;\"\n                \/>\n            <\/a>\n        <\/div>\n\t\t\t\t\t\t\t<\/div> \n\t\t\t\n        \n\t\t\t\t<div id=\"ngg-image-5\" class=\"ngg-gallery-thumbnail-box\" >\n\t\t\t\t        <div class=\"ngg-gallery-thumbnail\">\n            <a href=\"http:\/\/russisch-blau.biz\/wordpress\/wp-content\/klein\/IMG_9564.jpg\"\n               title=\"\"\n               data-src=\"http:\/\/russisch-blau.biz\/wordpress\/wp-content\/klein\/IMG_9564.jpg\"\n               data-thumbnail=\"http:\/\/russisch-blau.biz\/wordpress\/wp-content\/klein\/thumbs\/thumbs_IMG_9564.jpg\"\n               data-image-id=\"62\"\n               data-title=\"IMG_9564\"\n               data-description=\"\"\n               data-image-slug=\"img_9564\"\n               class=\"ngg-simplelightbox\" rel=\"6a2c79aada84116a257eddb3a7a9c697\">\n                <img\n                    title=\"IMG_9564\"\n                    alt=\"IMG_9564\"\n                    src=\"http:\/\/russisch-blau.biz\/wordpress\/wp-content\/klein\/thumbs\/thumbs_IMG_9564.jpg\"\n                    width=\"120\"\n                    height=\"75\"\n                    style=\"max-width:100%;\"\n                \/>\n            <\/a>\n        <\/div>\n\t\t\t\t\t\t\t<\/div> \n\t\t\t\n        \n\t\t\t\t<div id=\"ngg-image-6\" class=\"ngg-gallery-thumbnail-box\" >\n\t\t\t\t        <div class=\"ngg-gallery-thumbnail\">\n            <a href=\"http:\/\/russisch-blau.biz\/wordpress\/wp-content\/klein\/IMG_9565.jpg\"\n               title=\"\"\n               data-src=\"http:\/\/russisch-blau.biz\/wordpress\/wp-content\/klein\/IMG_9565.jpg\"\n               data-thumbnail=\"http:\/\/russisch-blau.biz\/wordpress\/wp-content\/klein\/thumbs\/thumbs_IMG_9565.jpg\"\n               data-image-id=\"63\"\n               data-title=\"IMG_9565\"\n               data-description=\"\"\n               data-image-slug=\"img_9565\"\n               class=\"ngg-simplelightbox\" rel=\"6a2c79aada84116a257eddb3a7a9c697\">\n                <img\n                    title=\"IMG_9565\"\n                    alt=\"IMG_9565\"\n                    src=\"http:\/\/russisch-blau.biz\/wordpress\/wp-content\/klein\/thumbs\/thumbs_IMG_9565.jpg\"\n                    width=\"120\"\n                    height=\"75\"\n                    style=\"max-width:100%;\"\n                \/>\n            <\/a>\n        <\/div>\n\t\t\t\t\t\t\t<\/div> \n\t\t\t\n        \n\t\t\t\t<div id=\"ngg-image-7\" class=\"ngg-gallery-thumbnail-box\" >\n\t\t\t\t        <div class=\"ngg-gallery-thumbnail\">\n            <a href=\"http:\/\/russisch-blau.biz\/wordpress\/wp-content\/klein\/IMG_9569.jpg\"\n               title=\"\"\n               data-src=\"http:\/\/russisch-blau.biz\/wordpress\/wp-content\/klein\/IMG_9569.jpg\"\n               data-thumbnail=\"http:\/\/russisch-blau.biz\/wordpress\/wp-content\/klein\/thumbs\/thumbs_IMG_9569.jpg\"\n               data-image-id=\"64\"\n               data-title=\"IMG_9569\"\n               data-description=\"\"\n               data-image-slug=\"img_9569\"\n               class=\"ngg-simplelightbox\" rel=\"6a2c79aada84116a257eddb3a7a9c697\">\n                <img\n                    title=\"IMG_9569\"\n                    alt=\"IMG_9569\"\n                    src=\"http:\/\/russisch-blau.biz\/wordpress\/wp-content\/klein\/thumbs\/thumbs_IMG_9569.jpg\"\n                    width=\"120\"\n                    height=\"75\"\n                    style=\"max-width:100%;\"\n                \/>\n            <\/a>\n        <\/div>\n\t\t\t\t\t\t\t<\/div> \n\t\t\t\n        \n\t\t\t\t<div id=\"ngg-image-8\" class=\"ngg-gallery-thumbnail-box\" >\n\t\t\t\t        <div class=\"ngg-gallery-thumbnail\">\n            <a href=\"http:\/\/russisch-blau.biz\/wordpress\/wp-content\/klein\/IMG_9570.jpg\"\n               title=\"\"\n               data-src=\"http:\/\/russisch-blau.biz\/wordpress\/wp-content\/klein\/IMG_9570.jpg\"\n               data-thumbnail=\"http:\/\/russisch-blau.biz\/wordpress\/wp-content\/klein\/thumbs\/thumbs_IMG_9570.jpg\"\n               data-image-id=\"65\"\n               data-title=\"IMG_9570\"\n               data-description=\"\"\n               data-image-slug=\"img_9570\"\n               class=\"ngg-simplelightbox\" rel=\"6a2c79aada84116a257eddb3a7a9c697\">\n                <img\n                    title=\"IMG_9570\"\n                    alt=\"IMG_9570\"\n                    src=\"http:\/\/russisch-blau.biz\/wordpress\/wp-content\/klein\/thumbs\/thumbs_IMG_9570.jpg\"\n                    width=\"120\"\n                    height=\"75\"\n                    style=\"max-width:100%;\"\n                \/>\n            <\/a>\n        <\/div>\n\t\t\t\t\t\t\t<\/div> \n\t\t\t\n        \n\t\t\t\t<div id=\"ngg-image-9\" class=\"ngg-gallery-thumbnail-box\" >\n\t\t\t\t        <div class=\"ngg-gallery-thumbnail\">\n            <a href=\"http:\/\/russisch-blau.biz\/wordpress\/wp-content\/klein\/IMG_9572.jpg\"\n               title=\"\"\n               data-src=\"http:\/\/russisch-blau.biz\/wordpress\/wp-content\/klein\/IMG_9572.jpg\"\n               data-thumbnail=\"http:\/\/russisch-blau.biz\/wordpress\/wp-content\/klein\/thumbs\/thumbs_IMG_9572.jpg\"\n               data-image-id=\"66\"\n               data-title=\"IMG_9572\"\n               data-description=\"\"\n               data-image-slug=\"img_9572\"\n               class=\"ngg-simplelightbox\" rel=\"6a2c79aada84116a257eddb3a7a9c697\">\n                <img\n                    title=\"IMG_9572\"\n                    alt=\"IMG_9572\"\n                    src=\"http:\/\/russisch-blau.biz\/wordpress\/wp-content\/klein\/thumbs\/thumbs_IMG_9572.jpg\"\n                    width=\"120\"\n                    height=\"75\"\n                    style=\"max-width:100%;\"\n                \/>\n            <\/a>\n        <\/div>\n\t\t\t\t\t\t\t<\/div> \n\t\t\t\n        \n\t\t\t\t<div id=\"ngg-image-10\" class=\"ngg-gallery-thumbnail-box\" >\n\t\t\t\t        <div class=\"ngg-gallery-thumbnail\">\n            <a href=\"http:\/\/russisch-blau.biz\/wordpress\/wp-content\/klein\/IMG_9577.jpg\"\n               title=\"\"\n               data-src=\"http:\/\/russisch-blau.biz\/wordpress\/wp-content\/klein\/IMG_9577.jpg\"\n               data-thumbnail=\"http:\/\/russisch-blau.biz\/wordpress\/wp-content\/klein\/thumbs\/thumbs_IMG_9577.jpg\"\n               data-image-id=\"67\"\n               data-title=\"IMG_9577\"\n               data-description=\"\"\n               data-image-slug=\"img_9577\"\n               class=\"ngg-simplelightbox\" rel=\"6a2c79aada84116a257eddb3a7a9c697\">\n                <img\n                    title=\"IMG_9577\"\n                    alt=\"IMG_9577\"\n                    src=\"http:\/\/russisch-blau.biz\/wordpress\/wp-content\/klein\/thumbs\/thumbs_IMG_9577.jpg\"\n                    width=\"120\"\n                    height=\"75\"\n                    style=\"max-width:100%;\"\n                \/>\n            <\/a>\n        <\/div>\n\t\t\t\t\t\t\t<\/div> \n\t\t\t\n        \n\t\t\t\t<div id=\"ngg-image-11\" class=\"ngg-gallery-thumbnail-box\" >\n\t\t\t\t        <div class=\"ngg-gallery-thumbnail\">\n            <a href=\"http:\/\/russisch-blau.biz\/wordpress\/wp-content\/klein\/IMG_9579.jpg\"\n               title=\"\"\n               data-src=\"http:\/\/russisch-blau.biz\/wordpress\/wp-content\/klein\/IMG_9579.jpg\"\n               data-thumbnail=\"http:\/\/russisch-blau.biz\/wordpress\/wp-content\/klein\/thumbs\/thumbs_IMG_9579.jpg\"\n               data-image-id=\"68\"\n               data-title=\"IMG_9579\"\n               data-description=\"\"\n               data-image-slug=\"img_9579\"\n               class=\"ngg-simplelightbox\" rel=\"6a2c79aada84116a257eddb3a7a9c697\">\n                <img\n                    title=\"IMG_9579\"\n                    alt=\"IMG_9579\"\n                    src=\"http:\/\/russisch-blau.biz\/wordpress\/wp-content\/klein\/thumbs\/thumbs_IMG_9579.jpg\"\n                    width=\"120\"\n                    height=\"75\"\n                    style=\"max-width:100%;\"\n                \/>\n            <\/a>\n        <\/div>\n\t\t\t\t\t\t\t<\/div> \n\t\t\t\n        \n\t\t\t\t<div id=\"ngg-image-12\" class=\"ngg-gallery-thumbnail-box\" >\n\t\t\t\t        <div class=\"ngg-gallery-thumbnail\">\n            <a href=\"http:\/\/russisch-blau.biz\/wordpress\/wp-content\/klein\/IMG_9580.jpg\"\n               title=\"\"\n               data-src=\"http:\/\/russisch-blau.biz\/wordpress\/wp-content\/klein\/IMG_9580.jpg\"\n               data-thumbnail=\"http:\/\/russisch-blau.biz\/wordpress\/wp-content\/klein\/thumbs\/thumbs_IMG_9580.jpg\"\n               data-image-id=\"69\"\n               data-title=\"IMG_9580\"\n               data-description=\"\"\n               data-image-slug=\"img_9580\"\n               class=\"ngg-simplelightbox\" rel=\"6a2c79aada84116a257eddb3a7a9c697\">\n                <img\n                    title=\"IMG_9580\"\n                    alt=\"IMG_9580\"\n                    src=\"http:\/\/russisch-blau.biz\/wordpress\/wp-content\/klein\/thumbs\/thumbs_IMG_9580.jpg\"\n                    width=\"120\"\n                    height=\"75\"\n                    style=\"max-width:100%;\"\n                \/>\n            <\/a>\n        <\/div>\n\t\t\t\t\t\t\t<\/div> \n\t\t\t\n        \n\t\t\t\t<div id=\"ngg-image-13\" class=\"ngg-gallery-thumbnail-box\" >\n\t\t\t\t        <div class=\"ngg-gallery-thumbnail\">\n            <a href=\"http:\/\/russisch-blau.biz\/wordpress\/wp-content\/klein\/IMG_9582.jpg\"\n               title=\"\"\n               data-src=\"http:\/\/russisch-blau.biz\/wordpress\/wp-content\/klein\/IMG_9582.jpg\"\n               data-thumbnail=\"http:\/\/russisch-blau.biz\/wordpress\/wp-content\/klein\/thumbs\/thumbs_IMG_9582.jpg\"\n               data-image-id=\"70\"\n               data-title=\"IMG_9582\"\n               data-description=\"\"\n               data-image-slug=\"img_9582\"\n               class=\"ngg-simplelightbox\" rel=\"6a2c79aada84116a257eddb3a7a9c697\">\n                <img\n                    title=\"IMG_9582\"\n                    alt=\"IMG_9582\"\n                    src=\"http:\/\/russisch-blau.biz\/wordpress\/wp-content\/klein\/thumbs\/thumbs_IMG_9582.jpg\"\n                    width=\"120\"\n                    height=\"75\"\n                    style=\"max-width:100%;\"\n                \/>\n            <\/a>\n        <\/div>\n\t\t\t\t\t\t\t<\/div> \n\t\t\t\n        \n\t\t\t\t<div id=\"ngg-image-14\" class=\"ngg-gallery-thumbnail-box\" >\n\t\t\t\t        <div class=\"ngg-gallery-thumbnail\">\n            <a href=\"http:\/\/russisch-blau.biz\/wordpress\/wp-content\/klein\/IMG_9584.jpg\"\n               title=\"\"\n               data-src=\"http:\/\/russisch-blau.biz\/wordpress\/wp-content\/klein\/IMG_9584.jpg\"\n               data-thumbnail=\"http:\/\/russisch-blau.biz\/wordpress\/wp-content\/klein\/thumbs\/thumbs_IMG_9584.jpg\"\n               data-image-id=\"71\"\n               data-title=\"IMG_9584\"\n               data-description=\"\"\n               data-image-slug=\"img_9584\"\n               class=\"ngg-simplelightbox\" rel=\"6a2c79aada84116a257eddb3a7a9c697\">\n                <img\n                    title=\"IMG_9584\"\n                    alt=\"IMG_9584\"\n                    src=\"http:\/\/russisch-blau.biz\/wordpress\/wp-content\/klein\/thumbs\/thumbs_IMG_9584.jpg\"\n                    width=\"120\"\n                    height=\"75\"\n                    style=\"max-width:100%;\"\n                \/>\n            <\/a>\n        <\/div>\n\t\t\t\t\t\t\t<\/div> \n\t\t\t\n        \n\t\t\t\t<div id=\"ngg-image-15\" class=\"ngg-gallery-thumbnail-box\" >\n\t\t\t\t        <div class=\"ngg-gallery-thumbnail\">\n            <a href=\"http:\/\/russisch-blau.biz\/wordpress\/wp-content\/klein\/IMG_9587.jpg\"\n               title=\"\"\n               data-src=\"http:\/\/russisch-blau.biz\/wordpress\/wp-content\/klein\/IMG_9587.jpg\"\n               data-thumbnail=\"http:\/\/russisch-blau.biz\/wordpress\/wp-content\/klein\/thumbs\/thumbs_IMG_9587.jpg\"\n               data-image-id=\"72\"\n               data-title=\"IMG_9587\"\n               data-description=\"\"\n               data-image-slug=\"img_9587\"\n               class=\"ngg-simplelightbox\" rel=\"6a2c79aada84116a257eddb3a7a9c697\">\n                <img\n                    title=\"IMG_9587\"\n                    alt=\"IMG_9587\"\n                    src=\"http:\/\/russisch-blau.biz\/wordpress\/wp-content\/klein\/thumbs\/thumbs_IMG_9587.jpg\"\n                    width=\"120\"\n                    height=\"75\"\n                    style=\"max-width:100%;\"\n                \/>\n            <\/a>\n        <\/div>\n\t\t\t\t\t\t\t<\/div> \n\t\t\t\n        \n\t\t\t\t<div id=\"ngg-image-16\" class=\"ngg-gallery-thumbnail-box\" >\n\t\t\t\t        <div class=\"ngg-gallery-thumbnail\">\n            <a href=\"http:\/\/russisch-blau.biz\/wordpress\/wp-content\/klein\/IMG_9591.jpg\"\n               title=\"\"\n               data-src=\"http:\/\/russisch-blau.biz\/wordpress\/wp-content\/klein\/IMG_9591.jpg\"\n               data-thumbnail=\"http:\/\/russisch-blau.biz\/wordpress\/wp-content\/klein\/thumbs\/thumbs_IMG_9591.jpg\"\n               data-image-id=\"73\"\n               data-title=\"IMG_9591\"\n               data-description=\"\"\n               data-image-slug=\"img_9591\"\n               class=\"ngg-simplelightbox\" rel=\"6a2c79aada84116a257eddb3a7a9c697\">\n                <img\n                    title=\"IMG_9591\"\n                    alt=\"IMG_9591\"\n                    src=\"http:\/\/russisch-blau.biz\/wordpress\/wp-content\/klein\/thumbs\/thumbs_IMG_9591.jpg\"\n                    width=\"120\"\n                    height=\"75\"\n                    style=\"max-width:100%;\"\n                \/>\n            <\/a>\n        <\/div>\n\t\t\t\t\t\t\t<\/div> \n\t\t\t\n        \n\t\t\t\t<div id=\"ngg-image-17\" class=\"ngg-gallery-thumbnail-box\" >\n\t\t\t\t        <div class=\"ngg-gallery-thumbnail\">\n            <a href=\"http:\/\/russisch-blau.biz\/wordpress\/wp-content\/klein\/IMG_9593.jpg\"\n               title=\"\"\n               data-src=\"http:\/\/russisch-blau.biz\/wordpress\/wp-content\/klein\/IMG_9593.jpg\"\n               data-thumbnail=\"http:\/\/russisch-blau.biz\/wordpress\/wp-content\/klein\/thumbs\/thumbs_IMG_9593.jpg\"\n               data-image-id=\"74\"\n               data-title=\"IMG_9593\"\n               data-description=\"\"\n               data-image-slug=\"img_9593\"\n               class=\"ngg-simplelightbox\" rel=\"6a2c79aada84116a257eddb3a7a9c697\">\n                <img\n                    title=\"IMG_9593\"\n                    alt=\"IMG_9593\"\n                    src=\"http:\/\/russisch-blau.biz\/wordpress\/wp-content\/klein\/thumbs\/thumbs_IMG_9593.jpg\"\n                    width=\"120\"\n                    height=\"75\"\n                    style=\"max-width:100%;\"\n                \/>\n            <\/a>\n        <\/div>\n\t\t\t\t\t\t\t<\/div> \n\t\t\t\n        \n\t\t\n\t\t<!-- Pagination -->\n\t<div class='ngg-clear'><\/div>\t<\/div>\n\n","protected":false},"excerpt":{"rendered":"<p>&nbsp; Vollst\u00e4ndiger Name: Arina Barynja-Sudarynja von Malyschka Geburtstag: 28.04.2010 aktueller Titel: Gro\u00dfer Europa Champion Ausstellungserfolge: 2 X BIV, 4 X nom. Best in Show, 1 X Best in Show Kosename: &#8222;Bara&#8220; Stammbaum \u00bb Kurzportr\u00e4t &#8222;Bara&#8220; wie wir Sie liebevoll nennen, ist die Schmusekatze der Familie, noch nie habe ich eine so &#8222;Liebesbed\u00fcrftige Katze&#8220; erleben d\u00fcrfen. [&hellip;]<\/p>\n","protected":false},"author":1,"featured_media":0,"parent":2,"menu_order":2,"comment_status":"open","ping_status":"open","template":"","meta":{"ngg_post_thumbnail":0,"footnotes":""},"_links":{"self":[{"href":"http:\/\/russisch-blau.biz\/wordpress\/wp-json\/wp\/v2\/pages\/17"}],"collection":[{"href":"http:\/\/russisch-blau.biz\/wordpress\/wp-json\/wp\/v2\/pages"}],"about":[{"href":"http:\/\/russisch-blau.biz\/wordpress\/wp-json\/wp\/v2\/types\/page"}],"author":[{"embeddable":true,"href":"http:\/\/russisch-blau.biz\/wordpress\/wp-json\/wp\/v2\/users\/1"}],"replies":[{"embeddable":true,"href":"http:\/\/russisch-blau.biz\/wordpress\/wp-json\/wp\/v2\/comments?post=17"}],"version-history":[{"count":30,"href":"http:\/\/russisch-blau.biz\/wordpress\/wp-json\/wp\/v2\/pages\/17\/revisions"}],"predecessor-version":[{"id":911,"href":"http:\/\/russisch-blau.biz\/wordpress\/wp-json\/wp\/v2\/pages\/17\/revisions\/911"}],"up":[{"embeddable":true,"href":"http:\/\/russisch-blau.biz\/wordpress\/wp-json\/wp\/v2\/pages\/2"}],"wp:attachment":[{"href":"http:\/\/russisch-blau.biz\/wordpress\/wp-json\/wp\/v2\/media?parent=17"}],"curies":[{"name":"wp","href":"https:\/\/api.w.org\/{rel}","templated":true}]}}