{"id":11,"date":"2011-12-07T10:40:05","date_gmt":"2011-12-07T10:40:05","guid":{"rendered":"http:\/\/russisch-blau.biz\/wordpress\/?page_id=11"},"modified":"2016-12-16T23:47:31","modified_gmt":"2016-12-16T23:47:31","slug":"partner","status":"publish","type":"page","link":"http:\/\/russisch-blau.biz\/wordpress\/partner\/","title":{"rendered":"Partner"},"content":{"rendered":"<p><a href=\"http:\/\/russisch-blau.biz\" target=\"_blank\"><img loading=\"lazy\" decoding=\"async\" title=\"banner\" alt=\"\" src=\"http:\/\/russisch-blau.biz\/wordpress\/wp-content\/uploads\/2011\/12\/banner.jpg\" width=\"468\" height=\"60\" \/><\/a><\/p>\n<p>unser Banner zum mitnehmen &#8230; Sie k\u00f6nnen unser Banner gerne einf\u00fcgen, Linktausch nach Absprache!<\/p>\n<p><br clear=\"all\" \/><br \/>\n<a href=\"http:\/\/www.zuchtverzeichniss.de\"><img decoding=\"async\" alt=\"\" src=\"http:\/\/www.zuchtverzeichniss.de\/grafik\/banner_zucht.jpg\" border=\"0\" \/><\/a><\/p>\n<p><a href=\"http:\/\/www.haftpflicht-info24.de\/hundehaftpflichtversicherung.htm\">Haftpflicht f\u00fcr den Hund oder f\u00fcr die Katze<\/a><\/p>\n<p><a href=\"http:\/\/russianbluelinks.dk\/links.htm\" target=\"_blank\">http:\/\/russianbluelinks.dk\/links.htm<\/a><\/p>\n<p><a href=\"http:\/\/www.russischblauw.info\/links1.html\" target=\"_blank\">http:\/\/www.russischblauw.info\/links1.html<\/a><\/p>\n<p><a href=\"http:\/\/russischblauw.startpagina.nl\/\" target=\"_blank\">http:\/\/russischblauw.startpagina.nl\/<\/a><\/p>\n<p><a href=\"http:\/\/www.jukm.org\" target=\"_blank\">jukm.org<\/a><\/p>\n<p><a href=\"http:\/\/www.kittenhaus.de\"><img decoding=\"async\" alt=\"\" src=\"http:\/\/www.kittenhaus.de\/ki468.jpg \" border=\"0\" \/><\/a><\/p>\n<p><a href=\"http:\/\/www.katzenzwinger.de\"><img decoding=\"async\" class=\"banner\" alt=\"kittenkiste-banner.gif\" src=\"http:\/\/www.katzenzwinger.de\/banner3.jpg\" \/><\/a><\/p>\n","protected":false},"excerpt":{"rendered":"<p>unser Banner zum mitnehmen &#8230; Sie k\u00f6nnen unser Banner gerne einf\u00fcgen, Linktausch nach Absprache! Haftpflicht f\u00fcr den Hund oder f\u00fcr die Katze http:\/\/russianbluelinks.dk\/links.htm http:\/\/www.russischblauw.info\/links1.html http:\/\/russischblauw.startpagina.nl\/ jukm.org<\/p>\n","protected":false},"author":1,"featured_media":0,"parent":0,"menu_order":5,"comment_status":"open","ping_status":"open","template":"","meta":{"ngg_post_thumbnail":0,"footnotes":""},"_links":{"self":[{"href":"http:\/\/russisch-blau.biz\/wordpress\/wp-json\/wp\/v2\/pages\/11"}],"collection":[{"href":"http:\/\/russisch-blau.biz\/wordpress\/wp-json\/wp\/v2\/pages"}],"about":[{"href":"http:\/\/russisch-blau.biz\/wordpress\/wp-json\/wp\/v2\/types\/page"}],"author":[{"embeddable":true,"href":"http:\/\/russisch-blau.biz\/wordpress\/wp-json\/wp\/v2\/users\/1"}],"replies":[{"embeddable":true,"href":"http:\/\/russisch-blau.biz\/wordpress\/wp-json\/wp\/v2\/comments?post=11"}],"version-history":[{"count":48,"href":"http:\/\/russisch-blau.biz\/wordpress\/wp-json\/wp\/v2\/pages\/11\/revisions"}],"predecessor-version":[{"id":821,"href":"http:\/\/russisch-blau.biz\/wordpress\/wp-json\/wp\/v2\/pages\/11\/revisions\/821"}],"wp:attachment":[{"href":"http:\/\/russisch-blau.biz\/wordpress\/wp-json\/wp\/v2\/media?parent=11"}],"curies":[{"name":"wp","href":"https:\/\/api.w.org\/{rel}","templated":true}]}}